{"id":958,"date":"2024-12-23T01:00:00","date_gmt":"2024-12-23T01:00:00","guid":{"rendered":"http:\/\/acrosshiphoplpgc.com\/?page_id=958"},"modified":"2025-01-07T10:43:23","modified_gmt":"2025-01-07T10:43:23","slug":"vegueta-cono-sur-tafira","status":"publish","type":"page","link":"http:\/\/acrosshiphoplpgc.com\/?page_id=958","title":{"rendered":"Distrito Vegueta &#8211; Cono Sur &#8211; Tafira \/\/ 2025"},"content":{"rendered":"<p><strong>Admitidos: <\/strong>(Presentarse el primer d\u00eda de clase correspondiente a su Distrito)<\/p>\n<p><strong>NOTA:<\/strong> A\u00fan hay plazas disponibles para este distrito, plazo de inscripci\u00f3n ampliado hasta el <strong>31 de Enero de 2025<\/strong>. Inscribirse en: <a href=\"https:\/\/acrosshiphoplpgc.com\/?page_id=390\/\" target=\"_blank\" rel=\"noopener\">\u00abINSCRIPCI\u00d3N 2025\u00bb<\/a><\/p>\n<p>01.- PABLO MART\u00cdN NAVARRO<\/p>\n<p>02.- ARIADNA DEL PINO CASTELLANO OJEDA<\/p>\n<p>03.- ANDREA DEL CARMEN DOM\u00cdNGUEZ VERA<\/p>\n<p>04.- JAVIER RODR\u00cdGUEZ TENORIO GONZ\u00c1LEZ ROCA<\/p>\n<p>05.- EVA ALEM\u00c1N MEDINA<\/p>\n<p>06.- JESSENIA QUEVEDO SANTANA<\/p>\n<p>07.- ALEJANDRA GONZ\u00c1LEZ TORTOSA<\/p>\n<p>08.- NOA RAM\u00cdREZ VALIDO<\/p>\n<p>09.- NADIA ASSLADAY MENDEZ<\/p>\n<p>10.- BRENDA MILENE MELI\u00c1N SANTANA<\/p>\n<p>11.- BRENDA MILENE MELI\u00c1N SANTANA<\/p>\n<p>12.- ILUMINADA OLIVERA MALEST<\/p>\n<p>13.- AITOR MIGUEL PERDOMO GUERRA<\/p>\n<p>14.- ESTELA JULISSA P\u00c9REZ RAM\u00cdREZ<\/p>\n<p>15.- ARIANNA TIBIABIN HERNANDEZ RAMIREZ<\/p>\n<p>16.- SARA MORENO MOLINA<\/p>\n<p>17.- VALENTINA SEPULVEDA<\/p>\n<p>18.- ASHLEY ISABELA<\/p>\n","protected":false},"excerpt":{"rendered":"<p>Admitidos: (Presentarse el primer d\u00eda de clase correspondiente a su Distrito) NOTA: A\u00fan hay plazas disponibles para este distrito, plazo de inscripci\u00f3n ampliado hasta el 31 de Enero de 2025. Inscribirse en: \u00abINSCRIPCI\u00d3N 2025\u00bb 01.- PABLO MART\u00cdN NAVARRO 02.- ARIADNA DEL PINO CASTELLANO OJEDA 03.- ANDREA DEL CARMEN DOM\u00cdNGUEZ VERA 04.- JAVIER RODR\u00cdGUEZ TENORIO GONZ\u00c1LEZ [&hellip;]<\/p>\n","protected":false},"author":1,"featured_media":0,"parent":955,"menu_order":0,"comment_status":"closed","ping_status":"closed","template":"","meta":{"_genesis_hide_title":false,"_genesis_hide_breadcrumbs":false,"_genesis_hide_singular_image":false,"_genesis_hide_footer_widgets":false,"_genesis_custom_body_class":"","_genesis_custom_post_class":"","_genesis_layout":"","footnotes":""},"class_list":{"0":"post-958","1":"page","2":"type-page","3":"status-publish","5":"entry"},"_links":{"self":[{"href":"http:\/\/acrosshiphoplpgc.com\/index.php?rest_route=\/wp\/v2\/pages\/958","targetHints":{"allow":["GET"]}}],"collection":[{"href":"http:\/\/acrosshiphoplpgc.com\/index.php?rest_route=\/wp\/v2\/pages"}],"about":[{"href":"http:\/\/acrosshiphoplpgc.com\/index.php?rest_route=\/wp\/v2\/types\/page"}],"author":[{"embeddable":true,"href":"http:\/\/acrosshiphoplpgc.com\/index.php?rest_route=\/wp\/v2\/users\/1"}],"replies":[{"embeddable":true,"href":"http:\/\/acrosshiphoplpgc.com\/index.php?rest_route=%2Fwp%2Fv2%2Fcomments&post=958"}],"version-history":[{"count":47,"href":"http:\/\/acrosshiphoplpgc.com\/index.php?rest_route=\/wp\/v2\/pages\/958\/revisions"}],"predecessor-version":[{"id":2617,"href":"http:\/\/acrosshiphoplpgc.com\/index.php?rest_route=\/wp\/v2\/pages\/958\/revisions\/2617"}],"up":[{"embeddable":true,"href":"http:\/\/acrosshiphoplpgc.com\/index.php?rest_route=\/wp\/v2\/pages\/955"}],"wp:attachment":[{"href":"http:\/\/acrosshiphoplpgc.com\/index.php?rest_route=%2Fwp%2Fv2%2Fmedia&parent=958"}],"curies":[{"name":"wp","href":"https:\/\/api.w.org\/{rel}","templated":true}]}}