{"id":964,"date":"2024-12-23T01:00:00","date_gmt":"2024-12-23T01:00:00","guid":{"rendered":"http:\/\/acrosshiphoplpgc.com\/?page_id=964"},"modified":"2025-01-29T16:48:18","modified_gmt":"2025-01-29T16:48:18","slug":"isleta-puerto-guanarteme","status":"publish","type":"page","link":"http:\/\/acrosshiphoplpgc.com\/?page_id=964","title":{"rendered":"Distrito Isleta- Puerto \u2013 Guanarteme \/\/ 2025"},"content":{"rendered":"<p><strong>Admitidos:<\/strong>(Presentarse el primer d\u00eda de clase correspondiente a su Distrito)<\/p>\n<p><strong>NOTA:<\/strong> A\u00fan hay plazas disponibles para este distrito, plazo de inscripci\u00f3n ampliado hasta el <strong>31 de Enero de 2024<\/strong>. Inscribirse en: <a href=\"https:\/\/acrosshiphoplpgc.com\/?page_id=390\/\" target=\"_blank\" rel=\"noopener\">\u00abINSCRIPCI\u00d3N 2024\u00bb<\/a><\/p>\n<p>01.- KAYDEN SANTANA PALACIOS<\/p>\n<p>02.- ESMERALDA REMACHE BETANCOURT<\/p>\n<p>03.- CRISTINA L\u00d3PEZ ARENCIBIA<\/p>\n<p>04.- VER\u00d3NICA\u00a0 DE LOS \u00c1NGELES D\u00cdAZ VENTURA<\/p>\n<p>05.- CARLOTA ARA\u00d1A CARDENES<\/p>\n<p>06.- RUT BETANCOR ARES<\/p>\n<p>07.- NAIMA CABRERA GONZ\u00c1LEZ<\/p>\n<p>08.- ADRI\u00c1N CABRERA DEL RIO<\/p>\n<p>09.- LEIRE ORTEGA RODRIGUEZ<\/p>\n<p>10.- AYADA EL BUHARI EMBAREC<\/p>\n<p>11.- MINA RODR\u00cdGUEZ GORDILLO<\/p>\n<p>12.- \u00c1FRICA HERN\u00c1NDEZ GIL<\/p>\n<p>13.-YOEL SANTANA MARICHAL<\/p>\n<p>14.- IRINEA GARCIA BOLA\u00d1OS<\/p>\n<p>15.- MARIAJOSE ANTONELLA MELGAREJO JORGE<\/p>\n<p>16.-N\u00c9LIDA AYLIN SANTIAGO SOSA<\/p>\n<p>17.- ANAL\u00cdA CONTE LE\u00d3N<\/p>\n<p>18.- ADRIANA SANTANA SANTANA<\/p>\n<p>19.- DANIELA DEL CARMEN DONATE REYES<\/p>\n<p>20.- DANIELA D\u00d3NATE REYES<\/p>\n<p>21.- ORIHANNA BARBOSA RAM\u00cdREZ<\/p>\n<p>22.- VALERIA ACOSTA<\/p>\n","protected":false},"excerpt":{"rendered":"<p>Admitidos:(Presentarse el primer d\u00eda de clase correspondiente a su Distrito) NOTA: A\u00fan hay plazas disponibles para este distrito, plazo de inscripci\u00f3n ampliado hasta el 31 de Enero de 2024. Inscribirse en: \u00abINSCRIPCI\u00d3N 2024\u00bb 01.- KAYDEN SANTANA PALACIOS 02.- ESMERALDA REMACHE BETANCOURT 03.- CRISTINA L\u00d3PEZ ARENCIBIA 04.- VER\u00d3NICA\u00a0 DE LOS \u00c1NGELES D\u00cdAZ VENTURA 05.- CARLOTA ARA\u00d1A [&hellip;]<\/p>\n","protected":false},"author":1,"featured_media":0,"parent":955,"menu_order":0,"comment_status":"closed","ping_status":"closed","template":"","meta":{"_genesis_hide_title":false,"_genesis_hide_breadcrumbs":false,"_genesis_hide_singular_image":false,"_genesis_hide_footer_widgets":false,"_genesis_custom_body_class":"","_genesis_custom_post_class":"","_genesis_layout":"","footnotes":""},"class_list":{"0":"post-964","1":"page","2":"type-page","3":"status-publish","5":"entry"},"_links":{"self":[{"href":"http:\/\/acrosshiphoplpgc.com\/index.php?rest_route=\/wp\/v2\/pages\/964","targetHints":{"allow":["GET"]}}],"collection":[{"href":"http:\/\/acrosshiphoplpgc.com\/index.php?rest_route=\/wp\/v2\/pages"}],"about":[{"href":"http:\/\/acrosshiphoplpgc.com\/index.php?rest_route=\/wp\/v2\/types\/page"}],"author":[{"embeddable":true,"href":"http:\/\/acrosshiphoplpgc.com\/index.php?rest_route=\/wp\/v2\/users\/1"}],"replies":[{"embeddable":true,"href":"http:\/\/acrosshiphoplpgc.com\/index.php?rest_route=%2Fwp%2Fv2%2Fcomments&post=964"}],"version-history":[{"count":50,"href":"http:\/\/acrosshiphoplpgc.com\/index.php?rest_route=\/wp\/v2\/pages\/964\/revisions"}],"predecessor-version":[{"id":2630,"href":"http:\/\/acrosshiphoplpgc.com\/index.php?rest_route=\/wp\/v2\/pages\/964\/revisions\/2630"}],"up":[{"embeddable":true,"href":"http:\/\/acrosshiphoplpgc.com\/index.php?rest_route=\/wp\/v2\/pages\/955"}],"wp:attachment":[{"href":"http:\/\/acrosshiphoplpgc.com\/index.php?rest_route=%2Fwp%2Fv2%2Fmedia&parent=964"}],"curies":[{"name":"wp","href":"https:\/\/api.w.org\/{rel}","templated":true}]}}