{"id":968,"date":"2024-12-23T01:00:00","date_gmt":"2024-12-23T01:00:00","guid":{"rendered":"http:\/\/acrosshiphoplpgc.com\/?page_id=968"},"modified":"2025-01-29T16:53:36","modified_gmt":"2025-01-29T16:53:36","slug":"ciudad-alta-2","status":"publish","type":"page","link":"http:\/\/acrosshiphoplpgc.com\/?page_id=968","title":{"rendered":"Distrito Centro \/\/2025"},"content":{"rendered":"<p><strong>Admitidos:\u00a0<\/strong>(Presentarse el primer d\u00eda de clase correspondiente a su Distrito)<\/p>\n<p><strong>NOTA:<\/strong> A\u00fan hay plazas disponibles para este distrito, plazo de inscripci\u00f3n ampliado hasta el <strong>31 de Enero de 2025<\/strong>. Inscribirse en: <a href=\"https:\/\/acrosshiphoplpgc.com\/?page_id=390\/\" target=\"_blank\" rel=\"noopener\">\u00abINSCRIPCI\u00d3N 2025\u00bb<\/a><\/p>\n<p>01.- MAR\u00cdA GABRIELA DOM\u00cdNGUEZ VERA<\/p>\n<p>02.- DANIELA ALMEIDA GARRIDO<\/p>\n<p>03.- ORIANA BARBOZA RAM\u00cdREZ<\/p>\n<p>04.- LIAM DAREL<\/p>\n<p>05.- CHRISTIAN FRANK DINZA LUJ\u00d3<\/p>\n<p>06.- ADRI\u00c1N CABRERA DEL RIO<\/p>\n<p>07.- LUC\u00cdA ESPERANZA D\u00cdAZ CUBILLOS<\/p>\n<p>09.- GISELE PE\u00d1A CALDERIN<\/p>\n<p>10.- MAIA RAMIREZ SIEBENTRITT<\/p>\n<p>11.- YESENIA ORTIZ<\/p>\n<p>12.- SARA GIL MART\u00cdNEZ<\/p>\n<p>13.- LUCERO QUISPE ZUMARAN<\/p>\n<p>14.- EST\u00cdBALIZ SU\u00c1REZ RODR\u00cdGUEZ<\/p>\n<p>15.- NAYRA AFONSO HERRERA<\/p>\n<p>16.- YANAIMY HURTADO SANCHEZ<\/p>\n<p>17.- JEREMI SOTO LONDO\u00d1O<\/p>\n<p>18.- LUCIA ESPERANZA D\u00cdAZ CUBILLO<\/p>\n<p>19.- EILEEN SOCORRO PEREZ<\/p>\n<p>20.- JEREMI SOTO LONDO\u00d1O<\/p>\n<p>21.- DAKOTA HIDALGO MUT<\/p>\n<p>22.- BARBARA SANTANA VALIDO<\/p>\n<p>23.- ANDREA GONZALEZ DEL PINO<\/p>\n<p>24.- ERINEIBA SABR\u00c1 RODR\u00cdGUEZ<\/p>\n<p>25.- JAVIER DINGOASEN CASARENO<\/p>\n<p>26.- ROKAYA SAMBA<\/p>\n","protected":false},"excerpt":{"rendered":"<p>Admitidos:\u00a0(Presentarse el primer d\u00eda de clase correspondiente a su Distrito) NOTA: A\u00fan hay plazas disponibles para este distrito, plazo de inscripci\u00f3n ampliado hasta el 31 de Enero de 2025. Inscribirse en: \u00abINSCRIPCI\u00d3N 2025\u00bb 01.- MAR\u00cdA GABRIELA DOM\u00cdNGUEZ VERA 02.- DANIELA ALMEIDA GARRIDO 03.- ORIANA BARBOZA RAM\u00cdREZ 04.- LIAM DAREL 05.- CHRISTIAN FRANK DINZA LUJ\u00d3 06.- [&hellip;]<\/p>\n","protected":false},"author":1,"featured_media":0,"parent":955,"menu_order":0,"comment_status":"closed","ping_status":"closed","template":"","meta":{"_genesis_hide_title":false,"_genesis_hide_breadcrumbs":false,"_genesis_hide_singular_image":false,"_genesis_hide_footer_widgets":false,"_genesis_custom_body_class":"","_genesis_custom_post_class":"","_genesis_layout":"","footnotes":""},"class_list":{"0":"post-968","1":"page","2":"type-page","3":"status-publish","5":"entry"},"_links":{"self":[{"href":"http:\/\/acrosshiphoplpgc.com\/index.php?rest_route=\/wp\/v2\/pages\/968","targetHints":{"allow":["GET"]}}],"collection":[{"href":"http:\/\/acrosshiphoplpgc.com\/index.php?rest_route=\/wp\/v2\/pages"}],"about":[{"href":"http:\/\/acrosshiphoplpgc.com\/index.php?rest_route=\/wp\/v2\/types\/page"}],"author":[{"embeddable":true,"href":"http:\/\/acrosshiphoplpgc.com\/index.php?rest_route=\/wp\/v2\/users\/1"}],"replies":[{"embeddable":true,"href":"http:\/\/acrosshiphoplpgc.com\/index.php?rest_route=%2Fwp%2Fv2%2Fcomments&post=968"}],"version-history":[{"count":56,"href":"http:\/\/acrosshiphoplpgc.com\/index.php?rest_route=\/wp\/v2\/pages\/968\/revisions"}],"predecessor-version":[{"id":2634,"href":"http:\/\/acrosshiphoplpgc.com\/index.php?rest_route=\/wp\/v2\/pages\/968\/revisions\/2634"}],"up":[{"embeddable":true,"href":"http:\/\/acrosshiphoplpgc.com\/index.php?rest_route=\/wp\/v2\/pages\/955"}],"wp:attachment":[{"href":"http:\/\/acrosshiphoplpgc.com\/index.php?rest_route=%2Fwp%2Fv2%2Fmedia&parent=968"}],"curies":[{"name":"wp","href":"https:\/\/api.w.org\/{rel}","templated":true}]}}