{"id":20,"date":"2021-10-27T16:32:00","date_gmt":"2021-10-27T16:32:00","guid":{"rendered":"http:\/\/acrosshiphoplpgc.com\/?page_id=20"},"modified":"2024-10-17T16:20:04","modified_gmt":"2024-10-17T16:20:04","slug":"bases-e-inscripcion","status":"publish","type":"page","link":"https:\/\/acrosshiphoplpgc.com\/?page_id=20","title":{"rendered":"Bases e Inscripci\u00f3n 2025"},"content":{"rendered":"<p><strong>1.- INSCRIPCI\u00d3N:<\/strong><\/p>\n<ul>\n<li>El alumno\/a deber\u00e1 estar registrado en el siguiente Enlace: <a href=\"https:\/\/acrosshiphoplpgc.com\/?page_id=390\/\" target=\"_blank\" rel=\"noopener\"><strong>\u00abINSCRIPCI\u00d3N\u00bb<\/strong><\/a>.<\/li>\n<li>El solicitante es responsable de la veracidad de los datos cumplimentados en el registro y solicitud.<\/li>\n<li>Podr\u00e1n inscribirse los j\u00f3venes que, durante la celebraci\u00f3n del curso, tengan entre 13 y 20 a\u00f1os y sean residentes en la ciudad de Las Palmas de Gran Canaria.<\/li>\n<li>Tendr\u00e1n prioridad aquellos\/as alumnos\/as que se inscriban por primea vez. Los antiguos alumnos\/as pasar\u00e1n autom\u00e1ticamente a la lista de reserva por orden de registro.<\/li>\n<li>Los alumnos\/as deber\u00e1n inscribirse en el distrito que les corresponda seg\u00fan empadronamiento o bien en el distrito donde est\u00e9 ubicado su centro de escolarizaci\u00f3n.<\/li>\n<li>Las plazas son limitadas, con un total de 20 alumnos por Distrito y 20 reservas.<\/li>\n<li>El plazo de inscripci\u00f3n se abre desde el lunes 21 de octubre a las 00:00 h,<span style=\"color: #000000;\"> hasta las 23:59 h del viernes 16 de diciembre de 2024.<\/span><\/li>\n<li>Las inscripciones deber\u00e1n cumplimentarse y enviarse a trav\u00e9s de\u00a0<a href=\"https:\/\/acrosshiphoplpgc.com\/?page_id=390\/\"><strong>este enlace<\/strong>.<\/a><\/li>\n<li>La elaboraci\u00f3n de las listas ser\u00e1 por riguroso orden de entrada.<\/li>\n<li>Las listas de admitidos y reservas, se publicar\u00e1n en esta web a partir del 23 de diciembre de 2024.<\/li>\n<\/ul>\n<p><strong>2.- CLASES:<\/strong><\/p>\n<ul>\n<li>Comenzar\u00e1n el 7 de enero y finalizar\u00e1n el 5 de julio de 2025. Se presentar\u00e1 un espect\u00e1culo final, producto del trabajo realizado durante los seis meses de clases en el Teatro P\u00e9rez Gald\u00f3s.<\/li>\n<li>Las clases son gratuitas.<\/li>\n<li>La duraci\u00f3n de cada clase es de hora y media dos veces por semana.<\/li>\n<li>El transporte al lugar de las clases ser\u00e1 por cuenta del solicitante.<\/li>\n<li>Las clases est\u00e1n orientadas al aprendizaje de las t\u00e9cnicas b\u00e1sicas del Hip-Hop, el trabajo coreogr\u00e1fico y la experiencia esc\u00e9nica.<\/li>\n<li>Las faltas de asistencia injustificadas y un comportamiento inadecuado ser\u00e1 motivo de baja en el curso.<\/li>\n<\/ul>\n<p><strong>3.- AUTORIZACIONES:<\/strong><\/p>\n<ul>\n<li>Los menores inscritos, deber\u00e1n traer firmada por su padre, madre o tutor legal la autorizaci\u00f3n, acompa\u00f1ada de la fotocopia del DNI\/NIE de qui\u00e9n firme, siendo entregada el primer d\u00eda de clase.\u00a0<a href=\"https:\/\/acrosshiphoplpgc.com\/wp-content\/uploads\/2021\/12\/Autorizacion2022.pdf\" target=\"_blank\" rel=\"noopener\"><strong>Anexo I<\/strong><\/a><\/li>\n<li>Durante las clases y en la presentaci\u00f3n final se realizar\u00e1 un v\u00eddeo y un reportaje fotogr\u00e1fico de todo el proyecto. Con la inscripci\u00f3n en este proyecto se renuncia expresamente a los derechos de imagen o a cualquier otro que pudieran corresponderle. Las im\u00e1genes obtenidas ser\u00e1n utilizadas con fines de promoci\u00f3n.<\/li>\n<\/ul>\n","protected":false},"excerpt":{"rendered":"<p>1.- INSCRIPCI\u00d3N: El alumno\/a deber\u00e1 estar registrado en el siguiente Enlace: \u00abINSCRIPCI\u00d3N\u00bb. El solicitante es responsable de la veracidad de los datos cumplimentados en el registro y solicitud. Podr\u00e1n inscribirse los j\u00f3venes que, durante la celebraci\u00f3n del curso, tengan entre 13 y 20 a\u00f1os y sean residentes en la ciudad de Las Palmas de Gran [&hellip;]<\/p>\n","protected":false},"author":1,"featured_media":2229,"parent":0,"menu_order":2,"comment_status":"closed","ping_status":"closed","template":"","meta":{"_genesis_hide_title":false,"_genesis_hide_breadcrumbs":false,"_genesis_hide_singular_image":false,"_genesis_hide_footer_widgets":false,"_genesis_custom_body_class":"","_genesis_custom_post_class":"","_genesis_layout":"","footnotes":""},"class_list":{"0":"post-20","1":"page","2":"type-page","3":"status-publish","4":"has-post-thumbnail","6":"entry"},"_links":{"self":[{"href":"https:\/\/acrosshiphoplpgc.com\/index.php?rest_route=\/wp\/v2\/pages\/20","targetHints":{"allow":["GET"]}}],"collection":[{"href":"https:\/\/acrosshiphoplpgc.com\/index.php?rest_route=\/wp\/v2\/pages"}],"about":[{"href":"https:\/\/acrosshiphoplpgc.com\/index.php?rest_route=\/wp\/v2\/types\/page"}],"author":[{"embeddable":true,"href":"https:\/\/acrosshiphoplpgc.com\/index.php?rest_route=\/wp\/v2\/users\/1"}],"replies":[{"embeddable":true,"href":"https:\/\/acrosshiphoplpgc.com\/index.php?rest_route=%2Fwp%2Fv2%2Fcomments&post=20"}],"version-history":[{"count":84,"href":"https:\/\/acrosshiphoplpgc.com\/index.php?rest_route=\/wp\/v2\/pages\/20\/revisions"}],"predecessor-version":[{"id":2582,"href":"https:\/\/acrosshiphoplpgc.com\/index.php?rest_route=\/wp\/v2\/pages\/20\/revisions\/2582"}],"wp:featuredmedia":[{"embeddable":true,"href":"https:\/\/acrosshiphoplpgc.com\/index.php?rest_route=\/wp\/v2\/media\/2229"}],"wp:attachment":[{"href":"https:\/\/acrosshiphoplpgc.com\/index.php?rest_route=%2Fwp%2Fv2%2Fmedia&parent=20"}],"curies":[{"name":"wp","href":"https:\/\/api.w.org\/{rel}","templated":true}]}}